{"id":3147,"date":"2025-03-12T10:16:53","date_gmt":"2025-03-12T10:16:53","guid":{"rendered":"https:\/\/azaliumbit.com\/offre-exclusive\/"},"modified":"2025-04-03T16:52:30","modified_gmt":"2025-04-03T16:52:30","slug":"offre-exclusive","status":"publish","type":"page","link":"https:\/\/azaliumbit.com\/fr-ch\/offre-exclusive\/","title":{"rendered":"Offre exclusive"},"content":{"rendered":"\n<div class=\"wp-block-group alignfull\" id=\"exclusive-offer-hero\"><div class=\"wp-block-group__inner-container is-layout-constrained wp-block-group-is-layout-constrained\">\n<div class=\"wp-block-cover alignfull is-light\" style=\"padding-top:var(--wp--preset--spacing--30);padding-right:var(--wp--preset--spacing--30);padding-bottom:var(--wp--preset--spacing--30);padding-left:var(--wp--preset--spacing--30);min-height:50px;aspect-ratio:unset;\"><span aria-hidden=\"true\" class=\"wp-block-cover__background has-white-background-color has-background-dim-100 has-background-dim\"><\/span><div class=\"wp-block-cover__inner-container is-layout-flow wp-block-cover-is-layout-flow\">\n<div class=\"wp-block-group container\"><div class=\"wp-block-group__inner-container is-layout-constrained wp-block-group-is-layout-constrained\">\n<h1 class=\"wp-block-heading has-text-align-center has-text-color has-link-color wp-elements-0d027e84ae29ccf2c714410e428a09a1\" style=\"color:#222d45;font-style:normal;font-weight:600\">Choisissez votre plan<\/h1>\n\n\n\n<div class=\"exclusive-offer-timer\">\n    <div class=\"exclusive-offer-timer__col\">00<span class=\"label\">Jours<\/span><\/div>\n    <div class=\"exclusive-offer-timer__col\"><span class=\"time\">11<\/span><span class=\"label\">Heures<\/span><\/div>\n    <div class=\"exclusive-offer-timer__col\"><span class=\"time\">22<\/span><span class=\"label\">Proc\u00e8s-verbal<\/span><\/div>\n    <div class=\"exclusive-offer-timer__col\"><span class=\"time\">59<\/span><span class=\"label\">secondes<\/span><\/div>\n<\/div>\n\n\n\n<p class=\"has-text-align-center has-text-color has-link-color wp-elements-c317e2941853355920b9a8de26f1cd19\" style=\"color:#4f5665;font-size:20px\">Cette offre est limit\u00e9e dans le temps \u00e0 notre Deal exclusif et n&#8217;est valable que jusqu&#8217;\u00e0 <strong>23h59<\/strong> le 12.03.2025.<\/p>\n\n\n\n<div class=\"wp-block-columns exclusive-offer-columns is-layout-flex wp-container-core-columns-is-layout-1 wp-block-columns-is-layout-flex\">\n<div class=\"wp-block-column has-background is-layout-flow wp-block-column-is-layout-flow\" style=\"background-color:#f6faf8\">\n<div class=\"wp-block-group\"><div class=\"wp-block-group__inner-container is-layout-constrained wp-block-group-is-layout-constrained\">\n<h2 class=\"wp-block-heading price-old has-text-color has-link-color wp-elements-4d5a2df49776fef62bfa8865c91513a4\" style=\"color:#4f5665;font-size:40px;font-style:normal;font-weight:500\"><s>\u20ac79<\/s><\/h2>\n\n\n\n<h2 class=\"wp-block-heading has-text-color has-link-color wp-elements-e5c640a5280a1f37b438540e9f124fcf\" style=\"color:#4f5665;font-size:40px;font-style:normal;font-weight:500\">Gratuit<\/h2>\n\n\n\n<h3 class=\"wp-block-heading has-text-color has-link-color wp-elements-2fba292e8be6c9755acea43dc73c5674\" style=\"color:#4f5665;font-size:28px;font-style:normal;font-weight:500\">Plan d&#8217;argent<\/h3>\n\n\n\n<ul style=\"color:#76747c;font-size:20px\" class=\"wp-block-list has-text-color has-link-color wp-elements-aaee51d5442524a3488b850b76c44fc2\">\n<li>Protection compl\u00e8te des actifs<\/li>\n\n\n\n<li>7 strat\u00e9gies pr\u00e9configur\u00e9es<\/li>\n\n\n\n<li>1 \u00e9change int\u00e9gr\u00e9<\/li>\n\n\n\n<li>Jusqu&#8217;\u00e0 3 000 $ de volume d&#8217;\u00e9change mensuel<\/li>\n\n\n\n<li>Assistance \u00e0 la client\u00e8le 24\/7<\/li>\n<\/ul>\n<\/div><\/div>\n\n\n\n<div class=\"wp-block-buttons is-content-justification-center is-layout-flex wp-container-core-buttons-is-layout-1 wp-block-buttons-is-layout-flex\">\n<div class=\"wp-block-button\"><a class=\"wp-block-button__link has-background wp-element-button\" href=\"https:\/\/azaliumbit.com\/fr-ch\/creer-un-compte\/\" style=\"background-color:#40BA84\">Commencez maintenant<\/a><\/div>\n<\/div>\n<\/div>\n\n\n\n<div class=\"wp-block-column has-background is-layout-flow wp-block-column-is-layout-flow\" style=\"background-color:#f6faf8\">\n<div class=\"wp-block-group\"><div class=\"wp-block-group__inner-container is-layout-constrained wp-block-group-is-layout-constrained\">\n<h2 class=\"wp-block-heading price-old has-text-color has-link-color wp-elements-dbe0a08102915ee7c2000143a033b648\" style=\"color:#4f5665;font-size:40px;font-style:normal;font-weight:500\"><s>\u20ac400<\/s><\/h2>\n\n\n\n<h2 class=\"wp-block-heading has-text-color has-link-color wp-elements-e0a67beff2a353473dbe961256eb9493\" style=\"color:#4f5665;font-size:40px;font-style:normal;font-weight:500\">250 \u20ac<strong> Paiement unique<\/strong><\/h2>\n\n\n\n<h3 class=\"wp-block-heading has-text-color has-link-color wp-elements-b6ddb2bb4e958c2c216075e0102f0ecc\" style=\"color:#4f5665;font-size:28px;font-style:normal;font-weight:500\">Plan d&#8217;or<\/h3>\n\n\n\n<ul style=\"color:#76747c;font-size:20px\" class=\"wp-block-list has-text-color has-link-color wp-elements-926ff51d4373f7627186454f5488133c\">\n<li>Une infinit\u00e9 de strat\u00e9gies pr\u00e9configur\u00e9es<\/li>\n\n\n\n<li>Possibilit\u00e9 de s\u00e9lectionner des algorithmes<\/li>\n\n\n\n<li>Assistance \u00e0 la mise en place des robots<\/li>\n\n\n\n<li>15 \u00e9changes int\u00e9gr\u00e9s<\/li>\n\n\n\n<li>Jusqu&#8217;\u00e0 10 millions de dollars de volume d&#8217;\u00e9change mensuel<\/li>\n\n\n\n<li>Adh\u00e9sion gratuite \u00e0 la communaut\u00e9 commerciale<\/li>\n\n\n\n<li>Place de march\u00e9 pour le copier-coller<\/li>\n\n\n\n<li>Mises \u00e0 jour futures gratuites<\/li>\n\n\n\n<li>Annulable \u00e0 tout moment<\/li>\n\n\n\n<li>garantie de remboursement<\/li>\n<\/ul>\n<\/div><\/div>\n\n\n\n<div class=\"wp-block-buttons is-content-justification-center is-layout-flex wp-container-core-buttons-is-layout-2 wp-block-buttons-is-layout-flex\">\n<div class=\"wp-block-button\"><a class=\"wp-block-button__link has-background wp-element-button\" href=\"https:\/\/azaliumbit.com\/fr-ch\/creer-un-compte\/\" style=\"background-color:#40BA84\">Commencez maintenant<\/a><\/div>\n<\/div>\n<\/div>\n\n\n\n<div class=\"wp-block-column has-background is-layout-flow wp-block-column-is-layout-flow\" style=\"background-color:#f6faf8\">\n<div class=\"wp-block-group\"><div class=\"wp-block-group__inner-container is-layout-constrained wp-block-group-is-layout-constrained\">\n<h2 class=\"wp-block-heading price-old has-text-color has-link-color wp-elements-a6b0e0cbbb593c923663cc1b11c0c4f1\" style=\"color:#4f5665;font-size:40px;font-style:normal;font-weight:500\">Contacter les ventes<\/h2>\n\n\n\n<h3 class=\"wp-block-heading has-text-color has-link-color wp-elements-e439f32000dd7a005e63293ff6ec6779\" style=\"color:#4f5665;font-size:28px;font-style:normal;font-weight:500\">Plan Platine<\/h3>\n\n\n\n<ul style=\"color:#76747c;font-size:20px\" class=\"wp-block-list has-text-color has-link-color wp-elements-9c8a5a50f9b33c551d3745f05aba0c1f\">\n<li>Strat\u00e9gies \u00e0 haut risque<\/li>\n\n\n\n<li>Acc\u00e8s aux meilleurs n\u00e9gociants<\/li>\n\n\n\n<li>Param\u00e8tres personnalis\u00e9s<\/li>\n\n\n\n<li>Strat\u00e9gies de mod\u00e8les illimit\u00e9es<\/li>\n\n\n\n<li>\u00c9changes illimit\u00e9s<\/li>\n\n\n\n<li>Volume d&#8217;\u00e9change illimit\u00e9<\/li>\n\n\n\n<li>Acc\u00e8s gratuit \u00e0 la communaut\u00e9 commerciale<\/li>\n\n\n\n<li>S\u00e9ances personnalis\u00e9es<\/li>\n\n\n\n<li>Cr\u00e9ez votre propre biblioth\u00e8que de mod\u00e8les<\/li>\n\n\n\n<li>March\u00e9 du copy trading<\/li>\n\n\n\n<li>Indicateurs et op\u00e9rateurs avanc\u00e9s<\/li>\n\n\n\n<li>Mises \u00e0 jour futures gratuites<\/li>\n<\/ul>\n<\/div><\/div>\n\n\n\n<div class=\"wp-block-buttons is-content-justification-center is-layout-flex wp-container-core-buttons-is-layout-3 wp-block-buttons-is-layout-flex\">\n<div class=\"wp-block-button\"><a class=\"wp-block-button__link has-background wp-element-button\" href=\"https:\/\/azaliumbit.com\/fr-ch\/creer-un-compte\/\" style=\"background-color:#40BA84\">Commencez maintenant<\/a><\/div>\n<\/div>\n<\/div>\n<\/div>\n<\/div><\/div>\n<\/div><\/div>\n<\/div><\/div>\n\n\n\n<script>document.addEventListener('DOMContentLoaded', function () {\n        const countdownElements = document.querySelectorAll('.exclusive-offer-timer .time');\n\n        let hours = 11;      \n        let minutes = 14;      \n        let seconds = 59;  \n        let countdownInterval;\n\n        function updateCountdown() {\n            if (seconds === 0) {\n                if (minutes === 0) {\n                    if (hours === 0) {\n                        clearInterval(countdownInterval);\n                        return;\n                    }\n                    hours--;\n                    minutes = 59;\n                    seconds = 59;\n                } else {\n                    minutes--;\n                    seconds = 59;\n                }\n            } else {\n                seconds--;\n            }\n\n            countdownElements[0].textContent = hours.toString().padStart(2, '0');\n            countdownElements[1].textContent = minutes.toString().padStart(2, '0');\n            countdownElements[2].textContent = seconds.toString().padStart(2, '0');\n        }\n\n        function startCountdown() {\n            clearInterval(countdownInterval);\n            countdownInterval = setInterval(updateCountdown, 1000); \n        }\n\n        startCountdown();\n    });\n<\/script>\n","protected":false},"excerpt":{"rendered":"","protected":false},"author":1,"featured_media":0,"parent":0,"menu_order":0,"comment_status":"closed","ping_status":"closed","template":"","meta":{"_acf_changed":false,"inline_featured_image":false,"_monsterinsights_skip_tracking":false,"_monsterinsights_sitenote_active":false,"_monsterinsights_sitenote_note":"","_monsterinsights_sitenote_category":0,"footnotes":""},"tags":[106],"class_list":["post-3147","page","type-page","status-publish","hentry","tag-offre-exclusive-fr-ch"],"acf":[],"yoast_head":"<!-- This site is optimized with the Yoast SEO plugin v24.6 - https:\/\/yoast.com\/wordpress\/plugins\/seo\/ -->\n<title>Offre exclusive - Azaliumbit Official Website<\/title>\n<meta name=\"robots\" content=\"index, follow, max-snippet:-1, max-image-preview:large, max-video-preview:-1\" \/>\n<link rel=\"canonical\" href=\"https:\/\/azaliumbit.com\/fr-ch\/offre-exclusive\/\" \/>\n<meta property=\"og:locale\" content=\"fr_FR\" \/>\n<meta property=\"og:type\" content=\"article\" \/>\n<meta property=\"og:title\" content=\"Offre exclusive - Azaliumbit Official Website\" \/>\n<meta property=\"og:url\" content=\"https:\/\/azaliumbit.com\/fr-ch\/offre-exclusive\/\" \/>\n<meta property=\"og:site_name\" content=\"Azaliumbit\" \/>\n<meta property=\"article:modified_time\" content=\"2025-04-03T16:52:30+00:00\" \/>\n<meta name=\"twitter:card\" content=\"summary_large_image\" \/>\n<meta name=\"twitter:label1\" content=\"Est. reading time\" \/>\n\t<meta name=\"twitter:data1\" content=\"1 minute\" \/>\n<script type=\"application\/ld+json\" class=\"yoast-schema-graph\">{\"@context\":\"https:\/\/schema.org\",\"@graph\":[{\"@type\":\"WebPage\",\"@id\":\"https:\/\/azaliumbit.com\/fr-ch\/offre-exclusive\/\",\"url\":\"https:\/\/azaliumbit.com\/fr-ch\/offre-exclusive\/\",\"name\":\"Offre exclusive - Azaliumbit Official Website\",\"isPartOf\":{\"@id\":\"https:\/\/azaliumbit.com\/fr-ch\/#website\"},\"datePublished\":\"2025-03-12T10:16:53+00:00\",\"dateModified\":\"2025-04-03T16:52:30+00:00\",\"breadcrumb\":{\"@id\":\"https:\/\/azaliumbit.com\/fr-ch\/offre-exclusive\/#breadcrumb\"},\"inLanguage\":\"fr-CH\",\"potentialAction\":[{\"@type\":\"ReadAction\",\"target\":[\"https:\/\/azaliumbit.com\/fr-ch\/offre-exclusive\/\"]}]},{\"@type\":\"BreadcrumbList\",\"@id\":\"https:\/\/azaliumbit.com\/fr-ch\/offre-exclusive\/#breadcrumb\",\"itemListElement\":[{\"@type\":\"ListItem\",\"position\":1,\"name\":\"Home\",\"item\":\"https:\/\/azaliumbit.com\/fr-ch\/\"},{\"@type\":\"ListItem\",\"position\":2,\"name\":\"Offre exclusive\"}]},{\"@type\":\"WebSite\",\"@id\":\"https:\/\/azaliumbit.com\/fr-ch\/#website\",\"url\":\"https:\/\/azaliumbit.com\/fr-ch\/\",\"name\":\"Azaliumbit\",\"description\":\"Official Website\",\"publisher\":{\"@id\":\"https:\/\/azaliumbit.com\/fr-ch\/#organization\"},\"alternateName\":\"Azaliumbit bot\",\"potentialAction\":[{\"@type\":\"SearchAction\",\"target\":{\"@type\":\"EntryPoint\",\"urlTemplate\":\"https:\/\/azaliumbit.com\/fr-ch\/?s={search_term_string}\"},\"query-input\":{\"@type\":\"PropertyValueSpecification\",\"valueRequired\":true,\"valueName\":\"search_term_string\"}}],\"inLanguage\":\"fr-CH\"},{\"@type\":\"Organization\",\"@id\":\"https:\/\/azaliumbit.com\/fr-ch\/#organization\",\"name\":\"Azaliumbit\",\"alternateName\":\"Azaliumbit\",\"url\":\"https:\/\/azaliumbit.com\/fr-ch\/\",\"logo\":{\"@type\":\"ImageObject\",\"inLanguage\":\"fr-CH\",\"@id\":\"https:\/\/azaliumbit.com\/fr-ch\/#\/schema\/logo\/image\/\",\"url\":\"https:\/\/azaliumbit.com\/wp-content\/uploads\/2024\/08\/azaliumbit-favicon-color.svg\",\"contentUrl\":\"https:\/\/azaliumbit.com\/wp-content\/uploads\/2024\/08\/azaliumbit-favicon-color.svg\",\"width\":128,\"height\":128,\"caption\":\"Azaliumbit\"},\"image\":{\"@id\":\"https:\/\/azaliumbit.com\/fr-ch\/#\/schema\/logo\/image\/\"}}]}<\/script>\n<!-- \/ Yoast SEO plugin. -->","yoast_head_json":{"title":"Offre exclusive - Azaliumbit Official Website","robots":{"index":"index","follow":"follow","max-snippet":"max-snippet:-1","max-image-preview":"max-image-preview:large","max-video-preview":"max-video-preview:-1"},"canonical":"https:\/\/azaliumbit.com\/fr-ch\/offre-exclusive\/","og_locale":"fr_FR","og_type":"article","og_title":"Offre exclusive - Azaliumbit Official Website","og_url":"https:\/\/azaliumbit.com\/fr-ch\/offre-exclusive\/","og_site_name":"Azaliumbit","article_modified_time":"2025-04-03T16:52:30+00:00","twitter_card":"summary_large_image","twitter_misc":{"Est. reading time":"1 minute"},"schema":{"@context":"https:\/\/schema.org","@graph":[{"@type":"WebPage","@id":"https:\/\/azaliumbit.com\/fr-ch\/offre-exclusive\/","url":"https:\/\/azaliumbit.com\/fr-ch\/offre-exclusive\/","name":"Offre exclusive - Azaliumbit Official Website","isPartOf":{"@id":"https:\/\/azaliumbit.com\/fr-ch\/#website"},"datePublished":"2025-03-12T10:16:53+00:00","dateModified":"2025-04-03T16:52:30+00:00","breadcrumb":{"@id":"https:\/\/azaliumbit.com\/fr-ch\/offre-exclusive\/#breadcrumb"},"inLanguage":"fr-CH","potentialAction":[{"@type":"ReadAction","target":["https:\/\/azaliumbit.com\/fr-ch\/offre-exclusive\/"]}]},{"@type":"BreadcrumbList","@id":"https:\/\/azaliumbit.com\/fr-ch\/offre-exclusive\/#breadcrumb","itemListElement":[{"@type":"ListItem","position":1,"name":"Home","item":"https:\/\/azaliumbit.com\/fr-ch\/"},{"@type":"ListItem","position":2,"name":"Offre exclusive"}]},{"@type":"WebSite","@id":"https:\/\/azaliumbit.com\/fr-ch\/#website","url":"https:\/\/azaliumbit.com\/fr-ch\/","name":"Azaliumbit","description":"Official Website","publisher":{"@id":"https:\/\/azaliumbit.com\/fr-ch\/#organization"},"alternateName":"Azaliumbit bot","potentialAction":[{"@type":"SearchAction","target":{"@type":"EntryPoint","urlTemplate":"https:\/\/azaliumbit.com\/fr-ch\/?s={search_term_string}"},"query-input":{"@type":"PropertyValueSpecification","valueRequired":true,"valueName":"search_term_string"}}],"inLanguage":"fr-CH"},{"@type":"Organization","@id":"https:\/\/azaliumbit.com\/fr-ch\/#organization","name":"Azaliumbit","alternateName":"Azaliumbit","url":"https:\/\/azaliumbit.com\/fr-ch\/","logo":{"@type":"ImageObject","inLanguage":"fr-CH","@id":"https:\/\/azaliumbit.com\/fr-ch\/#\/schema\/logo\/image\/","url":"https:\/\/azaliumbit.com\/wp-content\/uploads\/2024\/08\/azaliumbit-favicon-color.svg","contentUrl":"https:\/\/azaliumbit.com\/wp-content\/uploads\/2024\/08\/azaliumbit-favicon-color.svg","width":128,"height":128,"caption":"Azaliumbit"},"image":{"@id":"https:\/\/azaliumbit.com\/fr-ch\/#\/schema\/logo\/image\/"}}]}},"_links":{"self":[{"href":"https:\/\/azaliumbit.com\/fr-ch\/wp-json\/wp\/v2\/pages\/3147","targetHints":{"allow":["GET"]}}],"collection":[{"href":"https:\/\/azaliumbit.com\/fr-ch\/wp-json\/wp\/v2\/pages"}],"about":[{"href":"https:\/\/azaliumbit.com\/fr-ch\/wp-json\/wp\/v2\/types\/page"}],"author":[{"embeddable":true,"href":"https:\/\/azaliumbit.com\/fr-ch\/wp-json\/wp\/v2\/users\/1"}],"replies":[{"embeddable":true,"href":"https:\/\/azaliumbit.com\/fr-ch\/wp-json\/wp\/v2\/comments?post=3147"}],"version-history":[{"count":6,"href":"https:\/\/azaliumbit.com\/fr-ch\/wp-json\/wp\/v2\/pages\/3147\/revisions"}],"predecessor-version":[{"id":3618,"href":"https:\/\/azaliumbit.com\/fr-ch\/wp-json\/wp\/v2\/pages\/3147\/revisions\/3618"}],"wp:attachment":[{"href":"https:\/\/azaliumbit.com\/fr-ch\/wp-json\/wp\/v2\/media?parent=3147"}],"wp:term":[{"taxonomy":"post_tag","embeddable":true,"href":"https:\/\/azaliumbit.com\/fr-ch\/wp-json\/wp\/v2\/tags?post=3147"}],"curies":[{"name":"wp","href":"https:\/\/api.w.org\/{rel}","templated":true}]}}