{"id":3151,"date":"2025-03-12T10:16:53","date_gmt":"2025-03-12T10:16:53","guid":{"rendered":"https:\/\/azaliumbit.com\/ekskluzivna-ponudba\/"},"modified":"2025-04-03T16:52:37","modified_gmt":"2025-04-03T16:52:37","slug":"ekskluzivna-ponudba","status":"publish","type":"page","link":"https:\/\/azaliumbit.com\/sl\/ekskluzivna-ponudba\/","title":{"rendered":"Ekskluzivna ponudba"},"content":{"rendered":"\n<div class=\"wp-block-group alignfull\" id=\"exclusive-offer-hero\"><div class=\"wp-block-group__inner-container is-layout-constrained wp-block-group-is-layout-constrained\">\n<div class=\"wp-block-cover alignfull is-light\" style=\"padding-top:var(--wp--preset--spacing--30);padding-right:var(--wp--preset--spacing--30);padding-bottom:var(--wp--preset--spacing--30);padding-left:var(--wp--preset--spacing--30);min-height:50px;aspect-ratio:unset;\"><span aria-hidden=\"true\" class=\"wp-block-cover__background has-white-background-color has-background-dim-100 has-background-dim\"><\/span><div class=\"wp-block-cover__inner-container is-layout-flow wp-block-cover-is-layout-flow\">\n<div class=\"wp-block-group container\"><div class=\"wp-block-group__inner-container is-layout-constrained wp-block-group-is-layout-constrained\">\n<h1 class=\"wp-block-heading has-text-align-center has-text-color has-link-color wp-elements-6f4aefddde645837db6a10d061891f31\" style=\"color:#222d45;font-style:normal;font-weight:600\">Izberite svoj na\u010drt<\/h1>\n\n\n\n<div class=\"exclusive-offer-timer\">\n    <div class=\"exclusive-offer-timer__col\">00<span class=\"label\">dni<\/span><\/div>\n    <div class=\"exclusive-offer-timer__col\"><span class=\"time\">11<\/span><span class=\"label\">Ure<\/span><\/div>\n    <div class=\"exclusive-offer-timer__col\"><span class=\"time\">22<\/span><span class=\"label\">Minute<\/span><\/div>\n    <div class=\"exclusive-offer-timer__col\"><span class=\"time\">59<\/span><span class=\"label\">Sekunde<\/span><\/div>\n<\/div>\n\n\n\n<p class=\"has-text-align-center has-text-color has-link-color wp-elements-e3fcbd5cb28f6fef4354d505e6797f34\" style=\"color:#4f5665;font-size:20px\">Ta ponudba je \u010dasovno omejena na na\u0161o ekskluzivno ponudbo Deal in velja le do 12.03.2025 do <strong>23:59<\/strong>.<\/p>\n\n\n\n<div class=\"wp-block-columns exclusive-offer-columns is-layout-flex wp-container-core-columns-is-layout-1 wp-block-columns-is-layout-flex\">\n<div class=\"wp-block-column has-background is-layout-flow wp-block-column-is-layout-flow\" style=\"background-color:#f6faf8\">\n<div class=\"wp-block-group\"><div class=\"wp-block-group__inner-container is-layout-constrained wp-block-group-is-layout-constrained\">\n<h2 class=\"wp-block-heading price-old has-text-color has-link-color wp-elements-4d5a2df49776fef62bfa8865c91513a4\" style=\"color:#4f5665;font-size:40px;font-style:normal;font-weight:500\"><s>\u20ac79<\/s><\/h2>\n\n\n\n<h2 class=\"wp-block-heading has-text-color has-link-color wp-elements-758864a05c8595563357ae46d5484c48\" style=\"color:#4f5665;font-size:40px;font-style:normal;font-weight:500\">Brezpla\u010dno<\/h2>\n\n\n\n<h3 class=\"wp-block-heading has-text-color has-link-color wp-elements-228d6ead3fa23a52c6cab5353af4dc07\" style=\"color:#4f5665;font-size:28px;font-style:normal;font-weight:500\">Srebrni na\u010drt<\/h3>\n\n\n\n<ul style=\"color:#76747c;font-size:20px\" class=\"wp-block-list has-text-color has-link-color wp-elements-b011226fd623eba9616b63cdc8712da1\">\n<li>Popolna za\u0161\u010dita premo\u017eenja<\/li>\n\n\n\n<li>7 vnaprej konfiguriranih strategij<\/li>\n\n\n\n<li>1 integrirana izmenjava<\/li>\n\n\n\n<li>Do 3.000 USD mese\u010dnega obsega trgovanja<\/li>\n\n\n\n<li>Podpora strankam 24 ur na dan, 7 dni v tednu<\/li>\n<\/ul>\n<\/div><\/div>\n\n\n\n<div class=\"wp-block-buttons is-content-justification-center is-layout-flex wp-container-core-buttons-is-layout-1 wp-block-buttons-is-layout-flex\">\n<div class=\"wp-block-button\"><a class=\"wp-block-button__link has-background wp-element-button\" href=\"https:\/\/azaliumbit.com\/create-account\/\" style=\"background-color:#40BA84\">Za\u010dnite zdaj<\/a><\/div>\n<\/div>\n<\/div>\n\n\n\n<div class=\"wp-block-column has-background is-layout-flow wp-block-column-is-layout-flow\" style=\"background-color:#f6faf8\">\n<div class=\"wp-block-group\"><div class=\"wp-block-group__inner-container is-layout-constrained wp-block-group-is-layout-constrained\">\n<h2 class=\"wp-block-heading price-old has-text-color has-link-color wp-elements-dbe0a08102915ee7c2000143a033b648\" style=\"color:#4f5665;font-size:40px;font-style:normal;font-weight:500\"><s>\u20ac400<\/s><\/h2>\n\n\n\n<h2 class=\"wp-block-heading has-text-color has-link-color wp-elements-da42d68575f5345cae110848e9dba51a\" style=\"color:#4f5665;font-size:40px;font-style:normal;font-weight:500\">250 \u20ac<strong> Enkratno pla\u010dilo<\/strong><\/h2>\n\n\n\n<h3 class=\"wp-block-heading has-text-color has-link-color wp-elements-d093b2b2fe34dda8f0eaa1b44c73b75f\" style=\"color:#4f5665;font-size:28px;font-style:normal;font-weight:500\">Zlati na\u010drt<\/h3>\n\n\n\n<ul style=\"color:#76747c;font-size:20px\" class=\"wp-block-list has-text-color has-link-color wp-elements-0499403fdd98982e015d739d00351353\">\n<li>Neskon\u010dno vnaprej konfiguriranih strategij<\/li>\n\n\n\n<li>Mo\u017enost izbire algoritmov<\/li>\n\n\n\n<li>Pomo\u010d pri nastavitvi bota<\/li>\n\n\n\n<li>15 integriranih izmenjav<\/li>\n\n\n\n<li>Do 10 milijonov dolarjev mese\u010dnega obsega trgovanja<\/li>\n\n\n\n<li>Brezpla\u010dno \u010dlanstvo v trgovalni skupnosti<\/li>\n\n\n\n<li>Trg za trgovanje s kopijami<\/li>\n\n\n\n<li>Brezpla\u010dne prihodnje posodobitve<\/li>\n\n\n\n<li>Odpovedati ga je mogo\u010de kadar koli<\/li>\n\n\n\n<li>garancija za vra\u010dilo denarja<\/li>\n<\/ul>\n<\/div><\/div>\n\n\n\n<div class=\"wp-block-buttons is-content-justification-center is-layout-flex wp-container-core-buttons-is-layout-2 wp-block-buttons-is-layout-flex\">\n<div class=\"wp-block-button\"><a class=\"wp-block-button__link has-background wp-element-button\" href=\"https:\/\/azaliumbit.com\/create-account\/\" style=\"background-color:#40BA84\">Za\u010dnite zdaj<\/a><\/div>\n<\/div>\n<\/div>\n\n\n\n<div class=\"wp-block-column has-background is-layout-flow wp-block-column-is-layout-flow\" style=\"background-color:#f6faf8\">\n<div class=\"wp-block-group\"><div class=\"wp-block-group__inner-container is-layout-constrained wp-block-group-is-layout-constrained\">\n<h2 class=\"wp-block-heading price-old has-text-color has-link-color wp-elements-e01d9330af385f9da322743deae767f4\" style=\"color:#4f5665;font-size:40px;font-style:normal;font-weight:500\">Stik s prodajo<\/h2>\n\n\n\n<h3 class=\"wp-block-heading has-text-color has-link-color wp-elements-b7b1bccdefc62b1b6fdd902df7312176\" style=\"color:#4f5665;font-size:28px;font-style:normal;font-weight:500\">Na\u010drt Platinum<\/h3>\n\n\n\n<ul style=\"color:#76747c;font-size:20px\" class=\"wp-block-list has-text-color has-link-color wp-elements-f0104cbcf3448cd74ecc0e63e47eaffd\">\n<li>Strategije z visokim tveganjem<\/li>\n\n\n\n<li>Dostop do najbolj\u0161ih trgovcev<\/li>\n\n\n\n<li>Prilagojene nastavitve<\/li>\n\n\n\n<li>Neomejene strategije predlog<\/li>\n\n\n\n<li>Neomejene izmenjave<\/li>\n\n\n\n<li>Neomejen obseg trgovanja<\/li>\n\n\n\n<li>Brezpla\u010den dostop do trgovalne skupnosti<\/li>\n\n\n\n<li>Prilagojene seje<\/li>\n\n\n\n<li>Sestavite svojo knji\u017enico predlog<\/li>\n\n\n\n<li>Trg kopiranje trgovanja<\/li>\n\n\n\n<li>Napredni kazalniki in upravljavci<\/li>\n\n\n\n<li>Brezpla\u010dne prihodnje posodobitve<\/li>\n<\/ul>\n<\/div><\/div>\n\n\n\n<div class=\"wp-block-buttons is-content-justification-center is-layout-flex wp-container-core-buttons-is-layout-3 wp-block-buttons-is-layout-flex\">\n<div class=\"wp-block-button\"><a class=\"wp-block-button__link has-background wp-element-button\" href=\"https:\/\/azaliumbit.com\/create-account\/\" style=\"background-color:#40BA84\">Za\u010dnite zdaj<\/a><\/div>\n<\/div>\n<\/div>\n<\/div>\n<\/div><\/div>\n<\/div><\/div>\n<\/div><\/div>\n\n\n\n<script>document.addEventListener('DOMContentLoaded', function () {\n        const countdownElements = document.querySelectorAll('.exclusive-offer-timer .time');\n\n        let hours = 11;      \n        let minutes = 14;      \n        let seconds = 59;  \n        let countdownInterval;\n\n        function updateCountdown() {\n            if (seconds === 0) {\n                if (minutes === 0) {\n                    if (hours === 0) {\n                        clearInterval(countdownInterval);\n                        return;\n                    }\n                    hours--;\n                    minutes = 59;\n                    seconds = 59;\n                } else {\n                    minutes--;\n                    seconds = 59;\n                }\n            } else {\n                seconds--;\n            }\n\n            countdownElements[0].textContent = hours.toString().padStart(2, '0');\n            countdownElements[1].textContent = minutes.toString().padStart(2, '0');\n            countdownElements[2].textContent = seconds.toString().padStart(2, '0');\n        }\n\n        function startCountdown() {\n            clearInterval(countdownInterval);\n            countdownInterval = setInterval(updateCountdown, 1000); \n        }\n\n        startCountdown();\n    });\n<\/script>\n","protected":false},"excerpt":{"rendered":"","protected":false},"author":1,"featured_media":0,"parent":0,"menu_order":0,"comment_status":"closed","ping_status":"closed","template":"","meta":{"_acf_changed":false,"inline_featured_image":false,"_monsterinsights_skip_tracking":false,"_monsterinsights_sitenote_active":false,"_monsterinsights_sitenote_note":"","_monsterinsights_sitenote_category":0,"footnotes":""},"tags":[107],"class_list":["post-3151","page","type-page","status-publish","hentry","tag-ekskluzivna-ponudba"],"acf":[],"yoast_head":"<!-- This site is optimized with the Yoast SEO plugin v24.6 - https:\/\/yoast.com\/wordpress\/plugins\/seo\/ -->\n<title>Ekskluzivna ponudba - Azaliumbit Official Website<\/title>\n<meta name=\"robots\" content=\"index, follow, max-snippet:-1, max-image-preview:large, max-video-preview:-1\" \/>\n<link rel=\"canonical\" href=\"https:\/\/azaliumbit.com\/sl\/ekskluzivna-ponudba\/\" \/>\n<meta property=\"og:locale\" content=\"sl_SI\" \/>\n<meta property=\"og:type\" content=\"article\" \/>\n<meta property=\"og:title\" content=\"Ekskluzivna ponudba - Azaliumbit Official Website\" \/>\n<meta property=\"og:url\" content=\"https:\/\/azaliumbit.com\/sl\/ekskluzivna-ponudba\/\" \/>\n<meta property=\"og:site_name\" content=\"Azaliumbit\" \/>\n<meta property=\"article:modified_time\" content=\"2025-04-03T16:52:37+00:00\" \/>\n<meta name=\"twitter:card\" content=\"summary_large_image\" \/>\n<meta name=\"twitter:label1\" content=\"Est. reading time\" \/>\n\t<meta name=\"twitter:data1\" content=\"1 minuta\" \/>\n<script type=\"application\/ld+json\" class=\"yoast-schema-graph\">{\"@context\":\"https:\/\/schema.org\",\"@graph\":[{\"@type\":\"WebPage\",\"@id\":\"https:\/\/azaliumbit.com\/sl\/ekskluzivna-ponudba\/\",\"url\":\"https:\/\/azaliumbit.com\/sl\/ekskluzivna-ponudba\/\",\"name\":\"Ekskluzivna ponudba - Azaliumbit Official Website\",\"isPartOf\":{\"@id\":\"https:\/\/azaliumbit.com\/sl\/#website\"},\"datePublished\":\"2025-03-12T10:16:53+00:00\",\"dateModified\":\"2025-04-03T16:52:37+00:00\",\"breadcrumb\":{\"@id\":\"https:\/\/azaliumbit.com\/sl\/ekskluzivna-ponudba\/#breadcrumb\"},\"inLanguage\":\"sl-SI\",\"potentialAction\":[{\"@type\":\"ReadAction\",\"target\":[\"https:\/\/azaliumbit.com\/sl\/ekskluzivna-ponudba\/\"]}]},{\"@type\":\"BreadcrumbList\",\"@id\":\"https:\/\/azaliumbit.com\/sl\/ekskluzivna-ponudba\/#breadcrumb\",\"itemListElement\":[{\"@type\":\"ListItem\",\"position\":1,\"name\":\"Home\",\"item\":\"https:\/\/azaliumbit.com\/sl\/\"},{\"@type\":\"ListItem\",\"position\":2,\"name\":\"Ekskluzivna ponudba\"}]},{\"@type\":\"WebSite\",\"@id\":\"https:\/\/azaliumbit.com\/sl\/#website\",\"url\":\"https:\/\/azaliumbit.com\/sl\/\",\"name\":\"Azaliumbit\",\"description\":\"Official Website\",\"publisher\":{\"@id\":\"https:\/\/azaliumbit.com\/sl\/#organization\"},\"alternateName\":\"Azaliumbit bot\",\"potentialAction\":[{\"@type\":\"SearchAction\",\"target\":{\"@type\":\"EntryPoint\",\"urlTemplate\":\"https:\/\/azaliumbit.com\/sl\/?s={search_term_string}\"},\"query-input\":{\"@type\":\"PropertyValueSpecification\",\"valueRequired\":true,\"valueName\":\"search_term_string\"}}],\"inLanguage\":\"sl-SI\"},{\"@type\":\"Organization\",\"@id\":\"https:\/\/azaliumbit.com\/sl\/#organization\",\"name\":\"Azaliumbit\",\"alternateName\":\"Azaliumbit\",\"url\":\"https:\/\/azaliumbit.com\/sl\/\",\"logo\":{\"@type\":\"ImageObject\",\"inLanguage\":\"sl-SI\",\"@id\":\"https:\/\/azaliumbit.com\/sl\/#\/schema\/logo\/image\/\",\"url\":\"https:\/\/azaliumbit.com\/wp-content\/uploads\/2024\/08\/azaliumbit-favicon-color.svg\",\"contentUrl\":\"https:\/\/azaliumbit.com\/wp-content\/uploads\/2024\/08\/azaliumbit-favicon-color.svg\",\"width\":128,\"height\":128,\"caption\":\"Azaliumbit\"},\"image\":{\"@id\":\"https:\/\/azaliumbit.com\/sl\/#\/schema\/logo\/image\/\"}}]}<\/script>\n<!-- \/ Yoast SEO plugin. -->","yoast_head_json":{"title":"Ekskluzivna ponudba - Azaliumbit Official Website","robots":{"index":"index","follow":"follow","max-snippet":"max-snippet:-1","max-image-preview":"max-image-preview:large","max-video-preview":"max-video-preview:-1"},"canonical":"https:\/\/azaliumbit.com\/sl\/ekskluzivna-ponudba\/","og_locale":"sl_SI","og_type":"article","og_title":"Ekskluzivna ponudba - Azaliumbit Official Website","og_url":"https:\/\/azaliumbit.com\/sl\/ekskluzivna-ponudba\/","og_site_name":"Azaliumbit","article_modified_time":"2025-04-03T16:52:37+00:00","twitter_card":"summary_large_image","twitter_misc":{"Est. reading time":"1 minuta"},"schema":{"@context":"https:\/\/schema.org","@graph":[{"@type":"WebPage","@id":"https:\/\/azaliumbit.com\/sl\/ekskluzivna-ponudba\/","url":"https:\/\/azaliumbit.com\/sl\/ekskluzivna-ponudba\/","name":"Ekskluzivna ponudba - Azaliumbit Official Website","isPartOf":{"@id":"https:\/\/azaliumbit.com\/sl\/#website"},"datePublished":"2025-03-12T10:16:53+00:00","dateModified":"2025-04-03T16:52:37+00:00","breadcrumb":{"@id":"https:\/\/azaliumbit.com\/sl\/ekskluzivna-ponudba\/#breadcrumb"},"inLanguage":"sl-SI","potentialAction":[{"@type":"ReadAction","target":["https:\/\/azaliumbit.com\/sl\/ekskluzivna-ponudba\/"]}]},{"@type":"BreadcrumbList","@id":"https:\/\/azaliumbit.com\/sl\/ekskluzivna-ponudba\/#breadcrumb","itemListElement":[{"@type":"ListItem","position":1,"name":"Home","item":"https:\/\/azaliumbit.com\/sl\/"},{"@type":"ListItem","position":2,"name":"Ekskluzivna ponudba"}]},{"@type":"WebSite","@id":"https:\/\/azaliumbit.com\/sl\/#website","url":"https:\/\/azaliumbit.com\/sl\/","name":"Azaliumbit","description":"Official Website","publisher":{"@id":"https:\/\/azaliumbit.com\/sl\/#organization"},"alternateName":"Azaliumbit bot","potentialAction":[{"@type":"SearchAction","target":{"@type":"EntryPoint","urlTemplate":"https:\/\/azaliumbit.com\/sl\/?s={search_term_string}"},"query-input":{"@type":"PropertyValueSpecification","valueRequired":true,"valueName":"search_term_string"}}],"inLanguage":"sl-SI"},{"@type":"Organization","@id":"https:\/\/azaliumbit.com\/sl\/#organization","name":"Azaliumbit","alternateName":"Azaliumbit","url":"https:\/\/azaliumbit.com\/sl\/","logo":{"@type":"ImageObject","inLanguage":"sl-SI","@id":"https:\/\/azaliumbit.com\/sl\/#\/schema\/logo\/image\/","url":"https:\/\/azaliumbit.com\/wp-content\/uploads\/2024\/08\/azaliumbit-favicon-color.svg","contentUrl":"https:\/\/azaliumbit.com\/wp-content\/uploads\/2024\/08\/azaliumbit-favicon-color.svg","width":128,"height":128,"caption":"Azaliumbit"},"image":{"@id":"https:\/\/azaliumbit.com\/sl\/#\/schema\/logo\/image\/"}}]}},"_links":{"self":[{"href":"https:\/\/azaliumbit.com\/sl\/wp-json\/wp\/v2\/pages\/3151","targetHints":{"allow":["GET"]}}],"collection":[{"href":"https:\/\/azaliumbit.com\/sl\/wp-json\/wp\/v2\/pages"}],"about":[{"href":"https:\/\/azaliumbit.com\/sl\/wp-json\/wp\/v2\/types\/page"}],"author":[{"embeddable":true,"href":"https:\/\/azaliumbit.com\/sl\/wp-json\/wp\/v2\/users\/1"}],"replies":[{"embeddable":true,"href":"https:\/\/azaliumbit.com\/sl\/wp-json\/wp\/v2\/comments?post=3151"}],"version-history":[{"count":3,"href":"https:\/\/azaliumbit.com\/sl\/wp-json\/wp\/v2\/pages\/3151\/revisions"}],"predecessor-version":[{"id":3619,"href":"https:\/\/azaliumbit.com\/sl\/wp-json\/wp\/v2\/pages\/3151\/revisions\/3619"}],"wp:attachment":[{"href":"https:\/\/azaliumbit.com\/sl\/wp-json\/wp\/v2\/media?parent=3151"}],"wp:term":[{"taxonomy":"post_tag","embeddable":true,"href":"https:\/\/azaliumbit.com\/sl\/wp-json\/wp\/v2\/tags?post=3151"}],"curies":[{"name":"wp","href":"https:\/\/api.w.org\/{rel}","templated":true}]}}